{"id":162,"date":"2022-03-22T17:28:32","date_gmt":"2022-03-22T16:28:32","guid":{"rendered":"http:\/\/blog.deewee.fr\/?page_id=162"},"modified":"2022-04-14T11:29:11","modified_gmt":"2022-04-14T09:29:11","slug":"cadeau-pour-homme","status":"publish","type":"page","link":"https:\/\/blog.deewee.fr\/index.php\/cadeau-pour-homme\/","title":{"rendered":"Cadeau pour homme"},"content":{"rendered":"\t\t<div data-elementor-type=\"wp-page\" data-elementor-id=\"162\" class=\"elementor elementor-162\" data-elementor-settings=\"[]\">\n\t\t\t\t\t\t\t<div class=\"elementor-section-wrap\">\n\t\t\t\t\t\t\t<section class=\"elementor-section elementor-top-section elementor-element elementor-element-f1a0775 elementor-section-boxed elementor-section-height-default elementor-section-height-default\" data-id=\"f1a0775\" data-element_type=\"section\">\n\t\t\t\t\t\t<div class=\"elementor-container elementor-column-gap-default\">\n\t\t\t\t\t<div class=\"elementor-column elementor-col-100 elementor-top-column elementor-element elementor-element-1baa3b2\" data-id=\"1baa3b2\" data-element_type=\"column\">\n\t\t\t<div class=\"elementor-widget-wrap elementor-element-populated\">\n\t\t\t\t\t\t\t\t<div class=\"elementor-element elementor-element-5cf58eb elementor-widget elementor-widget-heading\" data-id=\"5cf58eb\" data-element_type=\"widget\" data-widget_type=\"heading.default\">\n\t\t\t\t<div class=\"elementor-widget-container\">\n\t\t\t<style>\/*! elementor - v3.5.6 - 28-02-2022 *\/\n.elementor-heading-title{padding:0;margin:0;line-height:1}.elementor-widget-heading .elementor-heading-title[class*=elementor-size-]>a{color:inherit;font-size:inherit;line-height:inherit}.elementor-widget-heading .elementor-heading-title.elementor-size-small{font-size:15px}.elementor-widget-heading .elementor-heading-title.elementor-size-medium{font-size:19px}.elementor-widget-heading .elementor-heading-title.elementor-size-large{font-size:29px}.elementor-widget-heading .elementor-heading-title.elementor-size-xl{font-size:39px}.elementor-widget-heading .elementor-heading-title.elementor-size-xxl{font-size:59px}<\/style><h1 class=\"elementor-heading-title elementor-size-default\">Vous cherchez une id\u00e9e cadeau pour homme ?<\/h1>\t\t<\/div>\n\t\t\t\t<\/div>\n\t\t\t\t\t<\/div>\n\t\t<\/div>\n\t\t\t\t\t\t\t<\/div>\n\t\t<\/section>\n\t\t\t\t<section class=\"elementor-section elementor-top-section elementor-element elementor-element-3ef02c9 elementor-section-boxed elementor-section-height-default elementor-section-height-default\" data-id=\"3ef02c9\" data-element_type=\"section\">\n\t\t\t\t\t\t<div class=\"elementor-container elementor-column-gap-default\">\n\t\t\t\t\t<div class=\"elementor-column elementor-col-100 elementor-top-column elementor-element elementor-element-16a3031\" data-id=\"16a3031\" data-element_type=\"column\">\n\t\t\t<div class=\"elementor-widget-wrap elementor-element-populated\">\n\t\t\t\t\t\t\t\t<div class=\"elementor-element elementor-element-b3a42d3 elementor-widget elementor-widget-text-editor\" data-id=\"b3a42d3\" data-element_type=\"widget\" data-widget_type=\"text-editor.default\">\n\t\t\t\t<div class=\"elementor-widget-container\">\n\t\t\t<style>\/*! elementor - v3.5.6 - 28-02-2022 *\/\n.elementor-widget-text-editor.elementor-drop-cap-view-stacked .elementor-drop-cap{background-color:#818a91;color:#fff}.elementor-widget-text-editor.elementor-drop-cap-view-framed .elementor-drop-cap{color:#818a91;border:3px solid;background-color:transparent}.elementor-widget-text-editor:not(.elementor-drop-cap-view-default) .elementor-drop-cap{margin-top:8px}.elementor-widget-text-editor:not(.elementor-drop-cap-view-default) .elementor-drop-cap-letter{width:1em;height:1em}.elementor-widget-text-editor .elementor-drop-cap{float:left;text-align:center;line-height:1;font-size:50px}.elementor-widget-text-editor .elementor-drop-cap-letter{display:inline-block}<\/style>\t\t\t\t<p>Voici notre s\u00e9lection d\u2019id\u00e9e cadeau pour homme. Que ce soit pour un cadeau d\u2019anniversaire, un cadeau pour f\u00eate des p\u00e8res, ou juste pour le plaisir, vous allez trouver votre id\u00e9e cadeau pour homme.<\/p><p>Trouver une bonne id\u00e9e cadeau homme n\u2019est pas chose simple. Chaque ann\u00e9e, c\u2019est le m\u00eame sc\u00e9nario, vous vous demandez quel cadeau de no\u00ebl ou cadeau d\u2019anniversaire que vous allez offrir \u00e0 votre mari, papa, fr\u00e8re ou ami. Ne vous en faites pas, nous sommes l\u00e0 pour \u00e7a ! D\u00e9couvrez nos id\u00e9es de cadeau pour homme.<\/p>\t\t\t\t\t\t<\/div>\n\t\t\t\t<\/div>\n\t\t\t\t<div class=\"elementor-element elementor-element-ed3e6f2 elementor-align-center elementor-widget elementor-widget-button\" data-id=\"ed3e6f2\" data-element_type=\"widget\" data-widget_type=\"button.default\">\n\t\t\t\t<div class=\"elementor-widget-container\">\n\t\t\t\t\t<div class=\"elementor-button-wrapper\">\n\t\t\t<a href=\"https:\/\/deewee.fr\/marketplace\/page\/idee-cadeau-homme\" class=\"elementor-button-link elementor-button elementor-size-sm\" role=\"button\">\n\t\t\t\t\t\t<span class=\"elementor-button-content-wrapper\">\n\t\t\t\t\t\t<span class=\"elementor-button-text\">Cadeaux pour homme<\/span>\n\t\t<\/span>\n\t\t\t\t\t<\/a>\n\t\t<\/div>\n\t\t\t\t<\/div>\n\t\t\t\t<\/div>\n\t\t\t\t\t<\/div>\n\t\t<\/div>\n\t\t\t\t\t\t\t<\/div>\n\t\t<\/section>\n\t\t\t\t<section class=\"elementor-section elementor-top-section elementor-element elementor-element-db8b7af elementor-section-boxed elementor-section-height-default elementor-section-height-default\" data-id=\"db8b7af\" data-element_type=\"section\">\n\t\t\t\t\t\t<div class=\"elementor-container elementor-column-gap-default\">\n\t\t\t\t\t<div class=\"elementor-column elementor-col-100 elementor-top-column elementor-element elementor-element-372c26b\" data-id=\"372c26b\" data-element_type=\"column\">\n\t\t\t<div class=\"elementor-widget-wrap elementor-element-populated\">\n\t\t\t\t\t\t\t\t<div class=\"elementor-element elementor-element-5f976a2 elementor-widget elementor-widget-heading\" data-id=\"5f976a2\" data-element_type=\"widget\" data-widget_type=\"heading.default\">\n\t\t\t\t<div class=\"elementor-widget-container\">\n\t\t\t<h2 class=\"elementor-heading-title elementor-size-default\">Cadeau Anniversaire Homme<\/h2>\t\t<\/div>\n\t\t\t\t<\/div>\n\t\t\t\t\t<\/div>\n\t\t<\/div>\n\t\t\t\t\t\t\t<\/div>\n\t\t<\/section>\n\t\t\t\t<section class=\"elementor-section elementor-top-section elementor-element elementor-element-7e7fbe3 elementor-section-boxed elementor-section-height-default elementor-section-height-default\" data-id=\"7e7fbe3\" data-element_type=\"section\">\n\t\t\t\t\t\t<div class=\"elementor-container elementor-column-gap-default\">\n\t\t\t\t\t<div class=\"elementor-column elementor-col-100 elementor-top-column elementor-element elementor-element-58a03cf\" data-id=\"58a03cf\" data-element_type=\"column\">\n\t\t\t<div class=\"elementor-widget-wrap elementor-element-populated\">\n\t\t\t\t\t\t\t\t<div class=\"elementor-element elementor-element-529408d elementor-widget elementor-widget-text-editor\" data-id=\"529408d\" data-element_type=\"widget\" data-widget_type=\"text-editor.default\">\n\t\t\t\t<div class=\"elementor-widget-container\">\n\t\t\t\t\t\t\t<p>Chaque ann\u00e9e, on se retrouve devant le m\u00eame probl\u00e8me, quel cadeau anniversaire id\u00e9al pour son mari, son papa, son fr\u00e8re, son ami ? Retrouvez sur DeeWee Market des id\u00e9es de cadeaux anniversaire Homme. Nous sommes s\u00e9lectifs dans nos choix des cadeaux du bien fait, du beau et du bon. Des Cadeau Anniversaire Homme vous attendent \u00e0 prix r\u00e9duit sur notre plateforme e-commerce. Il ne vous manque plus qu&rsquo;\u00e0 \u00e9crire une jolie carte et le tour est jou\u00e9 !<\/p>\t\t\t\t\t\t<\/div>\n\t\t\t\t<\/div>\n\t\t\t\t\t<\/div>\n\t\t<\/div>\n\t\t\t\t\t\t\t<\/div>\n\t\t<\/section>\n\t\t\t\t<section class=\"elementor-section elementor-top-section elementor-element elementor-element-67d503c elementor-section-boxed elementor-section-height-default elementor-section-height-default\" data-id=\"67d503c\" data-element_type=\"section\">\n\t\t\t\t\t\t<div class=\"elementor-container elementor-column-gap-default\">\n\t\t\t\t\t<div class=\"elementor-column elementor-col-100 elementor-top-column elementor-element elementor-element-1a1f5dd\" data-id=\"1a1f5dd\" data-element_type=\"column\">\n\t\t\t<div class=\"elementor-widget-wrap elementor-element-populated\">\n\t\t\t\t\t\t\t\t<div class=\"elementor-element elementor-element-ca07f7d elementor-widget elementor-widget-heading\" data-id=\"ca07f7d\" data-element_type=\"widget\" data-widget_type=\"heading.default\">\n\t\t\t\t<div class=\"elementor-widget-container\">\n\t\t\t<h2 class=\"elementor-heading-title elementor-size-default\">Cadeau pour homme Noel<\/h2>\t\t<\/div>\n\t\t\t\t<\/div>\n\t\t\t\t\t<\/div>\n\t\t<\/div>\n\t\t\t\t\t\t\t<\/div>\n\t\t<\/section>\n\t\t\t\t<section class=\"elementor-section elementor-top-section elementor-element elementor-element-81fd8f3 elementor-section-boxed elementor-section-height-default elementor-section-height-default\" data-id=\"81fd8f3\" data-element_type=\"section\">\n\t\t\t\t\t\t<div class=\"elementor-container elementor-column-gap-default\">\n\t\t\t\t\t<div class=\"elementor-column elementor-col-100 elementor-top-column elementor-element elementor-element-6929704\" data-id=\"6929704\" data-element_type=\"column\">\n\t\t\t<div class=\"elementor-widget-wrap elementor-element-populated\">\n\t\t\t\t\t\t\t\t<div class=\"elementor-element elementor-element-28e21f7 elementor-widget elementor-widget-text-editor\" data-id=\"28e21f7\" data-element_type=\"widget\" data-widget_type=\"text-editor.default\">\n\t\t\t\t<div class=\"elementor-widget-container\">\n\t\t\t\t\t\t\t<p>A quelques jours de No\u00ebl, vous n\u2019avez toujours pas d\u2019id\u00e9e du cadeau que vous voulez offrir. Ne soyez pas inquiet, trouver un cadeau pour un homme s\u2019av\u00e8re une t\u00e2che difficile. Sur DeeWee Market, vous trouverez de des id\u00e9es cadeaux pour homme, notamment pour votre papa, votre mari, vos fr\u00e8res ou vos amis.<\/p>\t\t\t\t\t\t<\/div>\n\t\t\t\t<\/div>\n\t\t\t\t\t<\/div>\n\t\t<\/div>\n\t\t\t\t\t\t\t<\/div>\n\t\t<\/section>\n\t\t\t\t<section class=\"elementor-section elementor-top-section elementor-element elementor-element-83e0183 elementor-section-boxed elementor-section-height-default elementor-section-height-default\" data-id=\"83e0183\" data-element_type=\"section\">\n\t\t\t\t\t\t<div class=\"elementor-container elementor-column-gap-default\">\n\t\t\t\t\t<div class=\"elementor-column elementor-col-100 elementor-top-column elementor-element elementor-element-be5e6e4\" data-id=\"be5e6e4\" data-element_type=\"column\">\n\t\t\t<div class=\"elementor-widget-wrap elementor-element-populated\">\n\t\t\t\t\t\t\t\t<div class=\"elementor-element elementor-element-181ab7d elementor-widget elementor-widget-heading\" data-id=\"181ab7d\" data-element_type=\"widget\" data-widget_type=\"heading.default\">\n\t\t\t\t<div class=\"elementor-widget-container\">\n\t\t\t<h2 class=\"elementor-heading-title elementor-size-default\">Id\u00e9e Cadeau F\u00eate des P\u00e8res<\/h2>\t\t<\/div>\n\t\t\t\t<\/div>\n\t\t\t\t\t<\/div>\n\t\t<\/div>\n\t\t\t\t\t\t\t<\/div>\n\t\t<\/section>\n\t\t\t\t<section class=\"elementor-section elementor-top-section elementor-element elementor-element-ba5ef97 elementor-section-boxed elementor-section-height-default elementor-section-height-default\" data-id=\"ba5ef97\" data-element_type=\"section\">\n\t\t\t\t\t\t<div class=\"elementor-container elementor-column-gap-default\">\n\t\t\t\t\t<div class=\"elementor-column elementor-col-100 elementor-top-column elementor-element elementor-element-f883acb\" data-id=\"f883acb\" data-element_type=\"column\">\n\t\t\t<div class=\"elementor-widget-wrap elementor-element-populated\">\n\t\t\t\t\t\t\t\t<div class=\"elementor-element elementor-element-ca9dd96 elementor-widget elementor-widget-text-editor\" data-id=\"ca9dd96\" data-element_type=\"widget\" data-widget_type=\"text-editor.default\">\n\t\t\t\t<div class=\"elementor-widget-container\">\n\t\t\t\t\t\t\t<p>Vous recherchez une id\u00e9e cadeau pour votre papa cheri, nous vous donnons un petit coup de main en vous proposant une s\u00e9lection de cadeaux pour homme. Tout au long de l\u2019ann\u00e9e, nous vous d\u00e9nichons des id\u00e9es cadeaux qui plaisent aux hommes. Vous \u00eatre s\u00fbr de trouver votre cadeau id\u00e9al pour la f\u00eate des p\u00e8res.<\/p><p>\u00a0<\/p>\t\t\t\t\t\t<\/div>\n\t\t\t\t<\/div>\n\t\t\t\t\t<\/div>\n\t\t<\/div>\n\t\t\t\t\t\t\t<\/div>\n\t\t<\/section>\n\t\t\t\t<section class=\"elementor-section elementor-top-section elementor-element elementor-element-e9874ce elementor-section-boxed elementor-section-height-default elementor-section-height-default\" data-id=\"e9874ce\" data-element_type=\"section\">\n\t\t\t\t\t\t<div class=\"elementor-container elementor-column-gap-default\">\n\t\t\t\t\t<div class=\"elementor-column elementor-col-100 elementor-top-column elementor-element elementor-element-d923bff\" data-id=\"d923bff\" data-element_type=\"column\">\n\t\t\t<div class=\"elementor-widget-wrap elementor-element-populated\">\n\t\t\t\t\t\t\t\t<div class=\"elementor-element elementor-element-e259852 elementor-widget elementor-widget-heading\" data-id=\"e259852\" data-element_type=\"widget\" data-widget_type=\"heading.default\">\n\t\t\t\t<div class=\"elementor-widget-container\">\n\t\t\t<h2 class=\"elementor-heading-title elementor-size-default\">Id\u00e9e Cadeau pour homme de 30 ans<\/h2>\t\t<\/div>\n\t\t\t\t<\/div>\n\t\t\t\t\t<\/div>\n\t\t<\/div>\n\t\t\t\t\t\t\t<\/div>\n\t\t<\/section>\n\t\t\t\t<section class=\"elementor-section elementor-top-section elementor-element elementor-element-4932c66 elementor-section-boxed elementor-section-height-default elementor-section-height-default\" data-id=\"4932c66\" data-element_type=\"section\">\n\t\t\t\t\t\t<div class=\"elementor-container elementor-column-gap-default\">\n\t\t\t\t\t<div class=\"elementor-column elementor-col-100 elementor-top-column elementor-element elementor-element-7901cba\" data-id=\"7901cba\" data-element_type=\"column\">\n\t\t\t<div class=\"elementor-widget-wrap elementor-element-populated\">\n\t\t\t\t\t\t\t\t<div class=\"elementor-element elementor-element-5c52c94 elementor-widget elementor-widget-text-editor\" data-id=\"5c52c94\" data-element_type=\"widget\" data-widget_type=\"text-editor.default\">\n\t\t\t\t<div class=\"elementor-widget-container\">\n\t\t\t\t\t\t\t<p>Vous cherchez un cadeau pour votre ch\u00e9ri, votre fr\u00e8re, votre fils ou un copain qui va bient\u00f4t avoir 30 ans. Les 30 ans c\u2019est un grand Cap pour un homme, l\u2019id\u00e9e cadeau doit marquer son coup. Vous trouverez sur DeeWee Market de belles id\u00e9es de cadeaux pour homme de 30 ans.<\/p>\t\t\t\t\t\t<\/div>\n\t\t\t\t<\/div>\n\t\t\t\t\t<\/div>\n\t\t<\/div>\n\t\t\t\t\t\t\t<\/div>\n\t\t<\/section>\n\t\t\t\t<section class=\"elementor-section elementor-top-section elementor-element elementor-element-f28aef4 elementor-section-boxed elementor-section-height-default elementor-section-height-default\" data-id=\"f28aef4\" data-element_type=\"section\">\n\t\t\t\t\t\t<div class=\"elementor-container elementor-column-gap-default\">\n\t\t\t\t\t<div class=\"elementor-column elementor-col-100 elementor-top-column elementor-element elementor-element-39e5fd2\" data-id=\"39e5fd2\" data-element_type=\"column\">\n\t\t\t<div class=\"elementor-widget-wrap elementor-element-populated\">\n\t\t\t\t\t\t\t\t<div class=\"elementor-element elementor-element-75d6328 elementor-widget elementor-widget-heading\" data-id=\"75d6328\" data-element_type=\"widget\" data-widget_type=\"heading.default\">\n\t\t\t\t<div class=\"elementor-widget-container\">\n\t\t\t<h2 class=\"elementor-heading-title elementor-size-default\">Id\u00e9e Cadeau pour homme 40 ans<\/h2>\t\t<\/div>\n\t\t\t\t<\/div>\n\t\t\t\t\t<\/div>\n\t\t<\/div>\n\t\t\t\t\t\t\t<\/div>\n\t\t<\/section>\n\t\t\t\t<section class=\"elementor-section elementor-top-section elementor-element elementor-element-c14b38a elementor-section-boxed elementor-section-height-default elementor-section-height-default\" data-id=\"c14b38a\" data-element_type=\"section\">\n\t\t\t\t\t\t<div class=\"elementor-container elementor-column-gap-default\">\n\t\t\t\t\t<div class=\"elementor-column elementor-col-100 elementor-top-column elementor-element elementor-element-0d8d977\" data-id=\"0d8d977\" data-element_type=\"column\">\n\t\t\t<div class=\"elementor-widget-wrap elementor-element-populated\">\n\t\t\t\t\t\t\t\t<div class=\"elementor-element elementor-element-46a687d elementor-widget elementor-widget-text-editor\" data-id=\"46a687d\" data-element_type=\"widget\" data-widget_type=\"text-editor.default\">\n\t\t\t\t<div class=\"elementor-widget-container\">\n\t\t\t\t\t\t\t<p>Il n\u2019y a pas d\u2019\u00e2ge pour faire plaisir \u00e0 un homme\u2009! Nous faisons notre maximum pour proposer des id\u00e9es cadeaux homme vari\u00e9es, en fonction des \u00e2ges. Vous recherchez un cadeau homme 40 ans ? Pourquoi pas une belle montre ? Nous proposons \u00e9galement de l\u2019huile pour le rasage. Mais ne vous focalisez pas uniquement sur l\u2019\u00e2ge du monsieur\u2009! Le facteur plaisir doit \u00e9galement influencer votre choix de cadeau homme, peu importe son \u00e2ge.<\/p>\t\t\t\t\t\t<\/div>\n\t\t\t\t<\/div>\n\t\t\t\t\t<\/div>\n\t\t<\/div>\n\t\t\t\t\t\t\t<\/div>\n\t\t<\/section>\n\t\t\t\t\t\t<\/div>\n\t\t\t\t\t<\/div>\n\t\t","protected":false},"excerpt":{"rendered":"<p>Vous cherchez une id\u00e9e cadeau pour homme ? Voici notre s\u00e9lection d\u2019id\u00e9e cadeau pour homme. Que ce soit pour un cadeau d\u2019anniversaire, un cadeau pour f\u00eate des p\u00e8res, ou juste pour le plaisir, vous allez trouver votre id\u00e9e cadeau pour homme. Trouver une bonne id\u00e9e cadeau homme n\u2019est pas chose &hellip; <\/p>\n","protected":false},"author":1,"featured_media":0,"parent":0,"menu_order":0,"comment_status":"closed","ping_status":"closed","template":"","meta":{"footnotes":""},"class_list":["post-162","page","type-page","status-publish","hentry"],"yoast_head":"<!-- This site is optimized with the Yoast SEO plugin v20.6 - https:\/\/yoast.com\/wordpress\/plugins\/seo\/ -->\n<title>Cadeau pour homme - Blog Id\u00e9e Cadeau<\/title>\n<meta name=\"description\" content=\"Vous cherchez un cadeau pour homme? Retrouvez sur DeeWee Market une selection de cadeaux pour Homme.\" \/>\n<meta name=\"robots\" content=\"index, follow, max-snippet:-1, max-image-preview:large, max-video-preview:-1\" \/>\n<link rel=\"canonical\" href=\"https:\/\/blog.deewee.fr\/index.php\/cadeau-pour-homme\/\" \/>\n<meta property=\"og:locale\" content=\"fr_FR\" \/>\n<meta property=\"og:type\" content=\"article\" \/>\n<meta property=\"og:title\" content=\"Cadeau pour homme - Blog Id\u00e9e Cadeau\" \/>\n<meta property=\"og:description\" content=\"Vous cherchez un cadeau pour homme? Retrouvez sur DeeWee Market une selection de cadeaux pour Homme.\" \/>\n<meta property=\"og:url\" content=\"https:\/\/blog.deewee.fr\/index.php\/cadeau-pour-homme\/\" \/>\n<meta property=\"og:site_name\" content=\"Blog Id\u00e9e Cadeau\" \/>\n<meta property=\"article:modified_time\" content=\"2022-04-14T09:29:11+00:00\" \/>\n<meta name=\"twitter:card\" content=\"summary_large_image\" \/>\n<meta name=\"twitter:label1\" content=\"Dur\u00e9e de lecture estim\u00e9e\" \/>\n\t<meta name=\"twitter:data1\" content=\"3 minutes\" \/>\n<script type=\"application\/ld+json\" class=\"yoast-schema-graph\">{\"@context\":\"https:\/\/schema.org\",\"@graph\":[{\"@type\":\"WebPage\",\"@id\":\"https:\/\/blog.deewee.fr\/index.php\/cadeau-pour-homme\/\",\"url\":\"https:\/\/blog.deewee.fr\/index.php\/cadeau-pour-homme\/\",\"name\":\"Cadeau pour homme - Blog Id\u00e9e Cadeau\",\"isPartOf\":{\"@id\":\"https:\/\/blog.deewee.fr\/#website\"},\"datePublished\":\"2022-03-22T16:28:32+00:00\",\"dateModified\":\"2022-04-14T09:29:11+00:00\",\"description\":\"Vous cherchez un cadeau pour homme? Retrouvez sur DeeWee Market une selection de cadeaux pour Homme.\",\"breadcrumb\":{\"@id\":\"https:\/\/blog.deewee.fr\/index.php\/cadeau-pour-homme\/#breadcrumb\"},\"inLanguage\":\"fr-FR\",\"potentialAction\":[{\"@type\":\"ReadAction\",\"target\":[\"https:\/\/blog.deewee.fr\/index.php\/cadeau-pour-homme\/\"]}]},{\"@type\":\"BreadcrumbList\",\"@id\":\"https:\/\/blog.deewee.fr\/index.php\/cadeau-pour-homme\/#breadcrumb\",\"itemListElement\":[{\"@type\":\"ListItem\",\"position\":1,\"name\":\"Accueil\",\"item\":\"https:\/\/blog.deewee.fr\/\"},{\"@type\":\"ListItem\",\"position\":2,\"name\":\"Cadeau pour homme\"}]},{\"@type\":\"WebSite\",\"@id\":\"https:\/\/blog.deewee.fr\/#website\",\"url\":\"https:\/\/blog.deewee.fr\/\",\"name\":\"Blog Id\u00e9e Cadeau\",\"description\":\"Trouver le Cadeau Parfait\",\"publisher\":{\"@id\":\"https:\/\/blog.deewee.fr\/#organization\"},\"potentialAction\":[{\"@type\":\"SearchAction\",\"target\":{\"@type\":\"EntryPoint\",\"urlTemplate\":\"https:\/\/blog.deewee.fr\/?s={search_term_string}\"},\"query-input\":\"required name=search_term_string\"}],\"inLanguage\":\"fr-FR\"},{\"@type\":\"Organization\",\"@id\":\"https:\/\/blog.deewee.fr\/#organization\",\"name\":\"Blog Id\u00e9e Cadeau\",\"url\":\"https:\/\/blog.deewee.fr\/\",\"logo\":{\"@type\":\"ImageObject\",\"inLanguage\":\"fr-FR\",\"@id\":\"https:\/\/blog.deewee.fr\/#\/schema\/logo\/image\/\",\"url\":\"https:\/\/blog.deewee.fr\/wp-content\/uploads\/2022\/03\/cropped-cropped-cropped-DeeWeeMarket-Logo-1.png\",\"contentUrl\":\"https:\/\/blog.deewee.fr\/wp-content\/uploads\/2022\/03\/cropped-cropped-cropped-DeeWeeMarket-Logo-1.png\",\"width\":800,\"height\":800,\"caption\":\"Blog Id\u00e9e Cadeau\"},\"image\":{\"@id\":\"https:\/\/blog.deewee.fr\/#\/schema\/logo\/image\/\"}}]}<\/script>\n<!-- \/ Yoast SEO plugin. -->","yoast_head_json":{"title":"Cadeau pour homme - Blog Id\u00e9e Cadeau","description":"Vous cherchez un cadeau pour homme? Retrouvez sur DeeWee Market une selection de cadeaux pour Homme.","robots":{"index":"index","follow":"follow","max-snippet":"max-snippet:-1","max-image-preview":"max-image-preview:large","max-video-preview":"max-video-preview:-1"},"canonical":"https:\/\/blog.deewee.fr\/index.php\/cadeau-pour-homme\/","og_locale":"fr_FR","og_type":"article","og_title":"Cadeau pour homme - Blog Id\u00e9e Cadeau","og_description":"Vous cherchez un cadeau pour homme? Retrouvez sur DeeWee Market une selection de cadeaux pour Homme.","og_url":"https:\/\/blog.deewee.fr\/index.php\/cadeau-pour-homme\/","og_site_name":"Blog Id\u00e9e Cadeau","article_modified_time":"2022-04-14T09:29:11+00:00","twitter_card":"summary_large_image","twitter_misc":{"Dur\u00e9e de lecture estim\u00e9e":"3 minutes"},"schema":{"@context":"https:\/\/schema.org","@graph":[{"@type":"WebPage","@id":"https:\/\/blog.deewee.fr\/index.php\/cadeau-pour-homme\/","url":"https:\/\/blog.deewee.fr\/index.php\/cadeau-pour-homme\/","name":"Cadeau pour homme - Blog Id\u00e9e Cadeau","isPartOf":{"@id":"https:\/\/blog.deewee.fr\/#website"},"datePublished":"2022-03-22T16:28:32+00:00","dateModified":"2022-04-14T09:29:11+00:00","description":"Vous cherchez un cadeau pour homme? Retrouvez sur DeeWee Market une selection de cadeaux pour Homme.","breadcrumb":{"@id":"https:\/\/blog.deewee.fr\/index.php\/cadeau-pour-homme\/#breadcrumb"},"inLanguage":"fr-FR","potentialAction":[{"@type":"ReadAction","target":["https:\/\/blog.deewee.fr\/index.php\/cadeau-pour-homme\/"]}]},{"@type":"BreadcrumbList","@id":"https:\/\/blog.deewee.fr\/index.php\/cadeau-pour-homme\/#breadcrumb","itemListElement":[{"@type":"ListItem","position":1,"name":"Accueil","item":"https:\/\/blog.deewee.fr\/"},{"@type":"ListItem","position":2,"name":"Cadeau pour homme"}]},{"@type":"WebSite","@id":"https:\/\/blog.deewee.fr\/#website","url":"https:\/\/blog.deewee.fr\/","name":"Blog Id\u00e9e Cadeau","description":"Trouver le Cadeau Parfait","publisher":{"@id":"https:\/\/blog.deewee.fr\/#organization"},"potentialAction":[{"@type":"SearchAction","target":{"@type":"EntryPoint","urlTemplate":"https:\/\/blog.deewee.fr\/?s={search_term_string}"},"query-input":"required name=search_term_string"}],"inLanguage":"fr-FR"},{"@type":"Organization","@id":"https:\/\/blog.deewee.fr\/#organization","name":"Blog Id\u00e9e Cadeau","url":"https:\/\/blog.deewee.fr\/","logo":{"@type":"ImageObject","inLanguage":"fr-FR","@id":"https:\/\/blog.deewee.fr\/#\/schema\/logo\/image\/","url":"https:\/\/blog.deewee.fr\/wp-content\/uploads\/2022\/03\/cropped-cropped-cropped-DeeWeeMarket-Logo-1.png","contentUrl":"https:\/\/blog.deewee.fr\/wp-content\/uploads\/2022\/03\/cropped-cropped-cropped-DeeWeeMarket-Logo-1.png","width":800,"height":800,"caption":"Blog Id\u00e9e Cadeau"},"image":{"@id":"https:\/\/blog.deewee.fr\/#\/schema\/logo\/image\/"}}]}},"_links":{"self":[{"href":"https:\/\/blog.deewee.fr\/index.php\/wp-json\/wp\/v2\/pages\/162","targetHints":{"allow":["GET"]}}],"collection":[{"href":"https:\/\/blog.deewee.fr\/index.php\/wp-json\/wp\/v2\/pages"}],"about":[{"href":"https:\/\/blog.deewee.fr\/index.php\/wp-json\/wp\/v2\/types\/page"}],"author":[{"embeddable":true,"href":"https:\/\/blog.deewee.fr\/index.php\/wp-json\/wp\/v2\/users\/1"}],"replies":[{"embeddable":true,"href":"https:\/\/blog.deewee.fr\/index.php\/wp-json\/wp\/v2\/comments?post=162"}],"version-history":[{"count":14,"href":"https:\/\/blog.deewee.fr\/index.php\/wp-json\/wp\/v2\/pages\/162\/revisions"}],"predecessor-version":[{"id":358,"href":"https:\/\/blog.deewee.fr\/index.php\/wp-json\/wp\/v2\/pages\/162\/revisions\/358"}],"wp:attachment":[{"href":"https:\/\/blog.deewee.fr\/index.php\/wp-json\/wp\/v2\/media?parent=162"}],"curies":[{"name":"wp","href":"https:\/\/api.w.org\/{rel}","templated":true}]}}